{"id":452,"date":"2026-02-12T17:42:06","date_gmt":"2026-02-12T16:42:06","guid":{"rendered":"https:\/\/www.skicare.ch\/einen-unfall-melden\/"},"modified":"2026-02-24T17:16:03","modified_gmt":"2026-02-24T16:16:03","slug":"einen-unfall-melden","status":"publish","type":"page","link":"https:\/\/www.skicare.ch\/de\/einen-unfall-melden\/","title":{"rendered":"einen Unfall melden"},"content":{"rendered":"<div class=\"et_pb_section_0 et_pb_section et_section_regular et_flex_section et_pb_section_parallax preset--module--divi-section--tmshoaujfo\"><span class=\"et-pb-parallax-wrapper\"><span class=\"et-pb-parallax-background et-pb-parallax-background-module--divi-section-0\" style=\"background-image:url(https:\/\/www.skicare.ch\/wp-content\/uploads\/2026\/02\/1507_IMAGE_01-scaled.webp)\"><\/span><span class=\"et_parallax_gradient\" style=\"background-image:linear-gradient(180deg, rgba(255, 255, 255, 0.2) 11%,#ffffff 100% 100%)\"><\/span><\/span>\n<div class=\"et_pb_row_0 et_pb_row et_flex_row preset--module--divi-row--default\">\n<div class=\"et_pb_column_0 et_pb_column et-last-child et_flex_column et_pb_css_mix_blend_mode_passthrough et_flex_column_24_24 et_flex_column_24_24_tablet et_flex_column_24_24_phone\">\n<div class=\"et_pb_text_0 et_pb_text et_pb_bg_layout_light et_pb_module et_flex_module preset--module--divi-text--default\"><div class=\"et_pb_text_inner\"><h1>Einen Unfall melden<\/h1>\n<\/div><\/div>\n<\/div>\n<\/div>\n<\/div>\n\n<div class=\"et_pb_section_1 et_pb_section et_section_regular et_flex_section preset--module--divi-section--default\">\n<div class=\"et_pb_row_1 et_pb_row et_flex_row preset--module--divi-row--default\">\n<div class=\"et_pb_column_1 et_pb_column et-last-child et_flex_column et_pb_css_mix_blend_mode_passthrough et_flex_column_24_24 et_flex_column_24_24_tablet et_flex_column_24_24_phone\">\n<div class=\"et_pb_text_1 et_pb_text et_pb_bg_layout_light et_pb_module et_flex_module preset--module--divi-text--default\"><div class=\"et_pb_text_inner\"><h2>SIE WAREN OPFER EINES UNFALLES ? SIE KONNTEN NICHT MEHR SKIFAHREN ?<\/h2>\n<\/div><\/div>\n<\/div>\n<\/div>\n\n<div class=\"et_pb_row_2 et_pb_row et_flex_row preset--module--divi-row--default\">\n<div class=\"et_pb_column_2 et_pb_column et-last-child et_flex_column et_pb_css_mix_blend_mode_passthrough et_flex_column_24_24 et_flex_column_24_24_tablet et_flex_column_24_24_phone\">\n<div class=\"et_pb_group_0 et_pb_group et-last-child et_pb_module et_flex_group et_pb_css_mix_blend_mode_passthrough\">\n<div class=\"et_pb_text_2 et_pb_text et_pb_bg_layout_light et_pb_module et_flex_module preset--module--divi-text--default\"><div class=\"et_pb_text_inner\"><h3>Einen Unfall melden<\/h3>\n<p>Ein Unfall muss uns innert <strong>10 Tagen<\/strong> mittels nachstehendem Link gemeldet werden.<\/p>\n<\/div><\/div>\n\n<div class=\"et_pb_module et_pb_button_module_wrapper et_pb_button_0_wrapper preset--module--divi-button--default_wrapper\"><a class=\"et_pb_button_0 et_pb_button et_pb_bg_layout_light et_pb_module et_flex_module preset--module--divi-button--default\" href=\"\">einen Unfall melden<\/a><\/div>\n<\/div>\n<\/div>\n<\/div>\n\n<div class=\"et_pb_row_3 et_pb_row et_flex_row preset--module--divi-row--default\">\n<div class=\"et_pb_column_3 et_pb_column et-last-child et_flex_column et_pb_css_mix_blend_mode_passthrough et_flex_column_24_24 et_flex_column_24_24_tablet et_flex_column_24_24_phone\">\n<div class=\"et_pb_text_3 et_pb_text et_pb_bg_layout_light et_pb_module et_flex_module preset--module--divi-text--default\"><div class=\"et_pb_text_inner\"><p>Wir erinnern Sie daran dass SkiCare eine Zusatzversicherung zu jeglicher fr\u00fcher abgeschlossenen Versicherung ist. Dies ist der Grund weshalb wir Sie bitten werden, Ihren Unfall Ihrer direkten Versicherung zu melden. <\/p>\n<p>F\u00fcr unser Dossier m\u00f6chten wir Sie bitten, uns eine Kopie Ihres Skipasses, ein Arztzeugnis, eine Abrechnung Ihrer direkten Unfallversicherung und die bezahlten Rechnungen zukommen zu lassen.<\/p>\n<p><a href=\"mailto:mutuaide.ski@swiss-claims.ch\">Um Ihre Akte optimal bearbeiten zu k\u00f6nnen, bevorzugen wir die Kommunikation per E-Mail.<\/a><\/p>\n<\/div><\/div>\n<\/div>\n<\/div>\n\n<div class=\"et_pb_row_4 et_pb_row et_flex_row preset--module--divi-row--default\">\n<div class=\"et_pb_column_4 et_pb_column et-last-child et_flex_column et_pb_css_mix_blend_mode_passthrough et_flex_column_24_24 et_flex_column_24_24_tablet et_flex_column_24_24_phone\">\n<div class=\"et_pb_text_4 et_pb_text et_pb_bg_layout_light et_pb_module et_flex_module preset--module--divi-text--default\"><div class=\"et_pb_text_inner\"><h3>Dokumente zur Schadensmeldung herunterladen<\/h3>\n<\/div><\/div>\n\n<div class=\"et_pb_group_1 et_pb_group et-last-child et_pb_module et_flex_group et_pb_css_mix_blend_mode_passthrough\">\n<div class=\"et_pb_module et_pb_button_module_wrapper et_pb_button_1_wrapper preset--module--divi-button--2m8ak9xq5o_wrapper\"><a class=\"et_pb_button_1 et_pb_button et_pb_bg_layout_light et_pb_module et_flex_module preset--module--divi-button--2m8ak9xq5o\" href=\"https:\/\/www.skicare.ch\/wp-content\/uploads\/2026\/02\/Schadenmeldung-Unfall_Krankheit.pdf\" target=\"_blank\">Unfall \/ Krankheit<\/a><\/div>\n\n<div class=\"et_pb_module et_pb_button_module_wrapper et_pb_button_2_wrapper preset--module--divi-button--2m8ak9xq5o_wrapper\"><a class=\"et_pb_button_2 et_pb_button et_pb_bg_layout_light et_pb_module et_flex_module preset--module--divi-button--2m8ak9xq5o\" href=\"https:\/\/www.skicare.ch\/wp-content\/uploads\/2026\/02\/Schadenmeldung-Stationsschliessung.pdf\" target=\"_blank\">Stationsschliessung<\/a><\/div>\n<\/div>\n<\/div>\n<\/div>\n<\/div>\n\n<div class=\"et_pb_section_2 et_pb_section et_section_regular et_flex_section preset--module--divi-section--default\">\n<div class=\"et_pb_row_5 et_pb_row et_flex_row preset--module--divi-row--default\">\n<div class=\"et_pb_column_5 et_pb_column et-last-child et_flex_column et_pb_css_mix_blend_mode_passthrough et_flex_column_24_24 et_flex_column_24_24_tablet et_flex_column_24_24_phone\">\n<div class=\"et_pb_text_5 et_pb_text et_pb_bg_layout_light et_pb_module et_flex_module preset--module--divi-text--default\"><div class=\"et_pb_text_inner\"><h2>UNSER RAT AN DIE SKIFAHRER AUS DER EUROP\u00c4ISCHEN UNION<\/h2>\n<p>Im Rahmen der Vertr\u00e4ge zum freien Personenverkehr zwischen der Europ\u00e4ischen Union und der Schweiz wurden zwei Reglemente verfasst, welche die Versicherungen betreffen (Reglement CE 1408\/71 und 574\/72).<br \/>Sie sehen eine totale Deckung der in der Schweiz entstandenen medizinischen Pflegekosten und 50% der Rettungskosten (Hubschrauber, Krankenwagen, Pistenrettungsdienst...) vor. Es ist die Aufgabe Ihrer Sozialversicherung diese Kosten zu \u00fcbernehmen. Trotzdem ist es m\u00f6glich, dass sie diese nicht \u00fcbernimmt. SOLID AB, Swiss Branch, kann Ihnen behilflich sein.<br \/>Sind Sie n\u00e4mlich durch SkiCare versichert, \u00fcbernehmen wir die Kosten, die durch einen Unfall auf den Skipisten entstehen.<br \/>Mit SkiCare kann sich ein Verunfallter freien Geistes erholen !<\/p>\n<\/div><\/div>\n<\/div>\n<\/div>\n\n<div class=\"et_pb_row_6 et_pb_row et_flex_row preset--module--divi-row--default\">\n<div class=\"et_pb_column_6 et_pb_column et-last-child et_flex_column et_pb_css_mix_blend_mode_passthrough et_flex_column_24_24 et_flex_column_24_24_tablet et_flex_column_24_24_phone\">\n<div class=\"et_pb_text_6 et_pb_text et_pb_bg_layout_light et_pb_module et_flex_module preset--module--divi-text--default\"><div class=\"et_pb_text_inner\"><h2>WIE EINE UNSERER VERSICHERUNGEN ABSCHLIESSEN ?<\/h2>\n<p>Sie k\u00f6nnen eine SkiCare- oder PassProtect-Versicherung an der Kasse einer unserer Partnerstationen abschliessen.<\/p>\n<\/div><\/div>\n<\/div>\n<\/div>\n<\/div>","protected":false},"excerpt":{"rendered":"","protected":false},"author":1,"featured_media":0,"parent":0,"menu_order":0,"comment_status":"closed","ping_status":"closed","template":"","meta":{"inline_featured_image":false,"footnotes":""},"class_list":["post-452","page","type-page","status-publish","hentry"],"jetpack_sharing_enabled":true,"_links":{"self":[{"href":"https:\/\/www.skicare.ch\/de\/wp-json\/wp\/v2\/pages\/452","targetHints":{"allow":["GET"]}}],"collection":[{"href":"https:\/\/www.skicare.ch\/de\/wp-json\/wp\/v2\/pages"}],"about":[{"href":"https:\/\/www.skicare.ch\/de\/wp-json\/wp\/v2\/types\/page"}],"author":[{"embeddable":true,"href":"https:\/\/www.skicare.ch\/de\/wp-json\/wp\/v2\/users\/1"}],"replies":[{"embeddable":true,"href":"https:\/\/www.skicare.ch\/de\/wp-json\/wp\/v2\/comments?post=452"}],"version-history":[{"count":2,"href":"https:\/\/www.skicare.ch\/de\/wp-json\/wp\/v2\/pages\/452\/revisions"}],"predecessor-version":[{"id":454,"href":"https:\/\/www.skicare.ch\/de\/wp-json\/wp\/v2\/pages\/452\/revisions\/454"}],"wp:attachment":[{"href":"https:\/\/www.skicare.ch\/de\/wp-json\/wp\/v2\/media?parent=452"}],"curies":[{"name":"wp","href":"https:\/\/api.w.org\/{rel}","templated":true}]}}