{"id":442,"date":"2026-02-12T08:54:35","date_gmt":"2026-02-12T07:54:35","guid":{"rendered":"https:\/\/www.skicare.ch\/home\/"},"modified":"2026-03-05T09:10:14","modified_gmt":"2026-03-05T08:10:14","slug":"home","status":"publish","type":"page","link":"https:\/\/www.skicare.ch\/de\/","title":{"rendered":"Home"},"content":{"rendered":"<div class=\"et_pb_section_0 et_pb_section et_section_regular et_flex_section et_pb_section_parallax preset--module--divi-section--tmshoaujfo\"><span class=\"et-pb-parallax-wrapper\"><span class=\"et-pb-parallax-background et-pb-parallax-background-module--divi-section-0\" style=\"background-image:url(https:\/\/www.skicare.ch\/wp-content\/uploads\/2026\/02\/1507_IMAGE_01-scaled.webp)\"><\/span><span class=\"et_parallax_gradient\" style=\"background-image:linear-gradient(180deg, rgba(255, 255, 255, 0.2) 0%,#ffffff 90% 100%)\"><\/span><\/span>\n<div class=\"et_pb_row_0 et_pb_row et_flex_row preset--module--divi-row--default\">\n<div class=\"et_pb_column_0 et_pb_column et-last-child et_flex_column et_pb_css_mix_blend_mode_passthrough et_flex_column_24_24 et_flex_column_24_24_tablet et_flex_column_24_24_phone\">\n<div class=\"et_pb_text_0 et_pb_text et_pb_bg_layout_light et_pb_module et_flex_module preset--module--divi-text--default\"><div class=\"et_pb_text_inner\"><h1><span class=\"highlight\">VERSICHERN SIE SICH MIT DEM KAUF IHRES SKIPASSES!Assurez-vous<\/span> en achetant votre forfait ! WILLKOMMEN AUF DER SKICARE HOMEPAGE <\/h1>\n<p>SkiCare und Ihre Skistation bieten Ihnen Pakete aus innovativen Versicherungen an, damit Sie sorgenlos Ihren Skitag geniessen k\u00f6nnen.<\/p>\n<\/div><\/div>\n<\/div>\n<\/div>\n\n<div class=\"et_pb_row_1 et_pb_row et_flex_row preset--module--divi-row--default\">\n<div class=\"et_pb_column_1 et_pb_column et-last-child et_flex_column et_pb_css_mix_blend_mode_passthrough et_flex_column_24_24 et_flex_column_24_24_tablet et_flex_column_24_24_phone\">\n<div class=\"et_pb_module et_pb_button_module_wrapper et_pb_button_0_wrapper preset--module--divi-button--default_wrapper\"><a class=\"et_pb_button_0 et_pb_button et_pb_bg_layout_light et_pb_module et_flex_module preset--module--divi-button--default\" href=\"#produits\">Unsere Produkte<\/a><\/div>\n\n<div class=\"et_pb_module et_pb_button_module_wrapper et_pb_button_1_wrapper preset--module--divi-button--g8hhkjf8t3_wrapper\"><a class=\"et_pb_button_1 et_pb_button et_pb_bg_layout_light et_pb_module et_flex_module preset--module--divi-button--g8hhkjf8t3\" href=\"\">Kontakt<\/a><\/div>\n<\/div>\n<\/div>\n<\/div>\n\n<div class=\"et_pb_section_1 et_pb_section et_section_regular et_flex_section preset--module--divi-section--default\">\n<div class=\"et_pb_row_2 et_pb_row et_flex_row preset--module--divi-row--default\">\n<div class=\"et_pb_column_2 et_pb_column et-last-child et_flex_column et_pb_css_mix_blend_mode_passthrough et_flex_column_24_24 et_flex_column_24_24_tablet et_flex_column_24_24_phone\">\n<div class=\"et_pb_code_0 et_pb_code et_pb_module\"><div class=\"et_pb_code_inner\">  <div id=\"lc_1da2b65c-23fe-4901-acbf-5d01a54b14d3\"\n       class=\"lc-carousel-container \"\n       style=\"--lc-speed:40s;--lc-speed-hover:<br \/>\n<b>Warning<\/b>:  Undefined variable $speed_hover in <b>\/home\/coriswis\/skicare2026\/wp-content\/themes\/inventaire-basic\/functions.php<\/b> on line <b>148<\/b><br \/>\ns;--lc-bg:#ffffff;--lc-w:1400px;--lc-anim-to:-100%;\">\n    <div class=\"lc-fade-effect\" aria-hidden=\"true\"><\/div>\n\n    <div class=\"lc-track\" role=\"presentation\">\n      <div class=\"lc-sub-container\"><div class=\"lc-logo\" style=\"width:180px;margin:0 32px;\"><a class=\"lc-link\" href=\"https:\/\/www.aletscharena.ch\/\" target=\"_blank\" rel=\"noopener noreferrer\"><img loading=\"eager\" decoding=\"async\" fetchpriority=\"high\" src=\"https:\/\/www.skicare.ch\/wp-content\/uploads\/logo-stations\/aletsch.webp\" alt=\"Logo\"><\/a><\/div><div class=\"lc-logo\" style=\"width:180px;margin:0 32px;\"><a class=\"lc-link\" href=\"https:\/\/www.alpspass.ski\/fr\" target=\"_blank\" rel=\"noopener noreferrer\"><img loading=\"eager\" decoding=\"async\" fetchpriority=\"high\" src=\"https:\/\/www.skicare.ch\/wp-content\/uploads\/logo-stations\/alpspass.webp\" alt=\"Logo\"><\/a><\/div><div class=\"lc-logo\" style=\"width:180px;margin:0 32px;\"><a class=\"lc-link\" href=\"https:\/\/www.gstaad.ch\/fr\/hiver\" target=\"_blank\" rel=\"noopener noreferrer\"><img loading=\"eager\" decoding=\"async\" fetchpriority=\"high\" src=\"https:\/\/www.skicare.ch\/wp-content\/uploads\/logo-stations\/gstaad.webp\" alt=\"Logo\"><\/a><\/div><div class=\"lc-logo\" style=\"width:180px;margin:0 32px;\"><a class=\"lc-link\" href=\"https:\/\/www.jungfrau.ch\/\" target=\"_blank\" rel=\"noopener noreferrer\"><img loading=\"eager\" decoding=\"async\" fetchpriority=\"high\" src=\"https:\/\/www.skicare.ch\/wp-content\/uploads\/logo-stations\/jungfrau.webp\" alt=\"Logo\"><\/a><\/div><div class=\"lc-logo\" style=\"width:180px;margin:0 32px;\"><a class=\"lc-link\" href=\"https:\/\/www.nendaz.ch\/fr\/\" target=\"_blank\" rel=\"noopener noreferrer\"><img loading=\"eager\" decoding=\"async\" fetchpriority=\"high\" src=\"https:\/\/www.skicare.ch\/wp-content\/uploads\/logo-stations\/nendaz.webp\" alt=\"Logo\"><\/a><\/div><div class=\"lc-logo\" style=\"width:180px;margin:0 32px;\"><a class=\"lc-link\" href=\"https:\/\/www.ovronnaz.ch\" target=\"_blank\" rel=\"noopener noreferrer\"><img loading=\"eager\" decoding=\"async\" fetchpriority=\"high\" src=\"https:\/\/www.skicare.ch\/wp-content\/uploads\/logo-stations\/ovronnaz.webp\" alt=\"Logo\"><\/a><\/div><div class=\"lc-logo\" style=\"width:180px;margin:0 32px;\"><a class=\"lc-link\" href=\"https:\/\/www.fr.ch\/dsjs\/sspo\" target=\"_blank\" rel=\"noopener noreferrer\"><img loading=\"eager\" decoding=\"async\" fetchpriority=\"high\" src=\"https:\/\/www.skicare.ch\/wp-content\/uploads\/logo-stations\/sspo_fr.webp\" alt=\"Logo\"><\/a><\/div><div class=\"lc-logo\" style=\"width:180px;margin:0 32px;\"><a class=\"lc-link\" href=\"https:\/\/www.titlis.ch\/en\" target=\"_blank\" rel=\"noopener noreferrer\"><img loading=\"eager\" decoding=\"async\" fetchpriority=\"high\" src=\"https:\/\/www.skicare.ch\/wp-content\/uploads\/logo-stations\/titlis.webp\" alt=\"Logo\"><\/a><\/div><div class=\"lc-logo\" style=\"width:180px;margin:0 32px;\"><a class=\"lc-link\" href=\"https:\/\/www.verticalp-emosson.ch\/\" target=\"_blank\" rel=\"noopener noreferrer\"><img loading=\"eager\" decoding=\"async\" fetchpriority=\"high\" src=\"https:\/\/www.skicare.ch\/wp-content\/uploads\/logo-stations\/verticalp.webp\" alt=\"Logo\"><\/a><\/div><div class=\"lc-logo\" style=\"width:180px;margin:0 32px;\"><a class=\"lc-link\" href=\"https:\/\/zermatt.swiss\/\" target=\"_blank\" rel=\"noopener noreferrer\"><img loading=\"eager\" decoding=\"async\" fetchpriority=\"high\" src=\"https:\/\/www.skicare.ch\/wp-content\/uploads\/logo-stations\/zermatt.webp\" alt=\"Logo\"><\/a><\/div><\/div>\n      <div class=\"lc-sub-container\" aria-hidden=\"true\"><div class=\"lc-logo\" style=\"width:180px;margin:0 32px;\"><a class=\"lc-link\" href=\"https:\/\/www.aletscharena.ch\/\" target=\"_blank\" rel=\"noopener noreferrer\"><img loading=\"eager\" decoding=\"async\" fetchpriority=\"high\" src=\"https:\/\/www.skicare.ch\/wp-content\/uploads\/logo-stations\/aletsch.webp\" alt=\"Logo\"><\/a><\/div><div class=\"lc-logo\" style=\"width:180px;margin:0 32px;\"><a class=\"lc-link\" href=\"https:\/\/www.alpspass.ski\/fr\" target=\"_blank\" rel=\"noopener noreferrer\"><img loading=\"eager\" decoding=\"async\" fetchpriority=\"high\" src=\"https:\/\/www.skicare.ch\/wp-content\/uploads\/logo-stations\/alpspass.webp\" alt=\"Logo\"><\/a><\/div><div class=\"lc-logo\" style=\"width:180px;margin:0 32px;\"><a class=\"lc-link\" href=\"https:\/\/www.gstaad.ch\/fr\/hiver\" target=\"_blank\" rel=\"noopener noreferrer\"><img loading=\"eager\" decoding=\"async\" fetchpriority=\"high\" src=\"https:\/\/www.skicare.ch\/wp-content\/uploads\/logo-stations\/gstaad.webp\" alt=\"Logo\"><\/a><\/div><div class=\"lc-logo\" style=\"width:180px;margin:0 32px;\"><a class=\"lc-link\" href=\"https:\/\/www.jungfrau.ch\/\" target=\"_blank\" rel=\"noopener noreferrer\"><img loading=\"eager\" decoding=\"async\" fetchpriority=\"high\" src=\"https:\/\/www.skicare.ch\/wp-content\/uploads\/logo-stations\/jungfrau.webp\" alt=\"Logo\"><\/a><\/div><div class=\"lc-logo\" style=\"width:180px;margin:0 32px;\"><a class=\"lc-link\" href=\"https:\/\/www.nendaz.ch\/fr\/\" target=\"_blank\" rel=\"noopener noreferrer\"><img loading=\"eager\" decoding=\"async\" fetchpriority=\"high\" src=\"https:\/\/www.skicare.ch\/wp-content\/uploads\/logo-stations\/nendaz.webp\" alt=\"Logo\"><\/a><\/div><div class=\"lc-logo\" style=\"width:180px;margin:0 32px;\"><a class=\"lc-link\" href=\"https:\/\/www.ovronnaz.ch\" target=\"_blank\" rel=\"noopener noreferrer\"><img loading=\"eager\" decoding=\"async\" fetchpriority=\"high\" src=\"https:\/\/www.skicare.ch\/wp-content\/uploads\/logo-stations\/ovronnaz.webp\" alt=\"Logo\"><\/a><\/div><div class=\"lc-logo\" style=\"width:180px;margin:0 32px;\"><a class=\"lc-link\" href=\"https:\/\/www.fr.ch\/dsjs\/sspo\" target=\"_blank\" rel=\"noopener noreferrer\"><img loading=\"eager\" decoding=\"async\" fetchpriority=\"high\" src=\"https:\/\/www.skicare.ch\/wp-content\/uploads\/logo-stations\/sspo_fr.webp\" alt=\"Logo\"><\/a><\/div><div class=\"lc-logo\" style=\"width:180px;margin:0 32px;\"><a class=\"lc-link\" href=\"https:\/\/www.titlis.ch\/en\" target=\"_blank\" rel=\"noopener noreferrer\"><img loading=\"eager\" decoding=\"async\" fetchpriority=\"high\" src=\"https:\/\/www.skicare.ch\/wp-content\/uploads\/logo-stations\/titlis.webp\" alt=\"Logo\"><\/a><\/div><div class=\"lc-logo\" style=\"width:180px;margin:0 32px;\"><a class=\"lc-link\" href=\"https:\/\/www.verticalp-emosson.ch\/\" target=\"_blank\" rel=\"noopener noreferrer\"><img loading=\"eager\" decoding=\"async\" fetchpriority=\"high\" src=\"https:\/\/www.skicare.ch\/wp-content\/uploads\/logo-stations\/verticalp.webp\" alt=\"Logo\"><\/a><\/div><div class=\"lc-logo\" style=\"width:180px;margin:0 32px;\"><a class=\"lc-link\" href=\"https:\/\/zermatt.swiss\/\" target=\"_blank\" rel=\"noopener noreferrer\"><img loading=\"eager\" decoding=\"async\" fetchpriority=\"high\" src=\"https:\/\/www.skicare.ch\/wp-content\/uploads\/logo-stations\/zermatt.webp\" alt=\"Logo\"><\/a><\/div><\/div>\n    <\/div>\n  <\/div>\n\n  <style>\n    #lc_1da2b65c-23fe-4901-acbf-5d01a54b14d3.lc-carousel-container{\n      width: 100%;\n      overflow: hidden;\n      position: relative;\n      display: block;\n      background: var(--lc-bg);\n    }\n\n    #lc_1da2b65c-23fe-4901-acbf-5d01a54b14d3 .lc-fade-effect{\n      position: absolute;\n      inset: 0;\n      z-index: 3;\n      pointer-events: none;\n      background: linear-gradient(to right,\n        var(--lc-bg) 0%,\n        rgba(0,0,0,0) 14%,\n        rgba(0,0,0,0) 86%,\n        var(--lc-bg) 100%\n      );\n    }\n\n    \/* Track *\/\n    #lc_1da2b65c-23fe-4901-acbf-5d01a54b14d3 .lc-track{\n      display: flex;\n      flex-wrap: nowrap;\n      width: max-content;\n    }\n\n    \/* Anim *\/\n    #lc_1da2b65c-23fe-4901-acbf-5d01a54b14d3 .lc-sub-container{\n    display:flex;\n    flex-wrap:nowrap;\n    align-items:center;\n    animation: lc_scroll_lc_1da2b65c-23fe-4901-acbf-5d01a54b14d3 var(--lc-speed) linear infinite;\n    will-change: transform;\n    }\n\n    #lc_1da2b65c-23fe-4901-acbf-5d01a54b14d3.lc-carousel-container:hover .lc-sub-container{\n  animation-play-state: paused;\n}\n\n    \/* Items *\/\n    #lc_1da2b65c-23fe-4901-acbf-5d01a54b14d3 .lc-logo{\n      flex: 0 0 auto;\n      display: flex;\n      align-items: center;\n      justify-content: center;\n      overflow: hidden;\n      filter: grayscale(100%);\n      transition: filter 0.3s ease;\n    }\n\n    #lc_1da2b65c-23fe-4901-acbf-5d01a54b14d3 .lc-logo:hover{\n      filter: grayscale(0%);\n    }\n\n    #lc_1da2b65c-23fe-4901-acbf-5d01a54b14d3 .lc-link{\n      display:block;\n      width:100%;\n      height:100%;\n    }\n\n    #lc_1da2b65c-23fe-4901-acbf-5d01a54b14d3 img{\n      width: 100%;\n      height: 100%;\n      object-fit: contain;\n      display: block;\n    }\n\n  @keyframes lc_scroll_lc_1da2b65c-23fe-4901-acbf-5d01a54b14d3{\n    0%   { transform: translateX(0); }\n    100% { transform: translateX(var(--lc-anim-to)); }\n  }\n\n    @media (prefers-reduced-motion: reduce){\n      #lc_1da2b65c-23fe-4901-acbf-5d01a54b14d3 .lc-sub-container{ animation: none; }\n    }\n  <\/style>\n  \n\n<\/div><\/div>\n<\/div>\n<\/div>\n<\/div>\n\n<div class=\"et_pb_section_2 et_pb_section et_section_regular et_flex_section preset--module--divi-section--6vwp3i22la\">\n<div class=\"et_pb_row_3 et_pb_row et_flex_row preset--module--divi-row--default\">\n<div class=\"et_pb_column_3 et_pb_column et-last-child et_flex_column et_pb_css_mix_blend_mode_passthrough et_flex_column_24_24 et_flex_column_24_24_tablet et_flex_column_24_24_phone\">\n<div class=\"et_pb_text_1 et_pb_text et_pb_bg_layout_light et_pb_module et_flex_module preset--module--divi-text--default\"><div class=\"et_pb_text_inner\"><h2>Unsere L\u00f6sungen<\/h2>\n<\/div><\/div>\n<\/div>\n<\/div>\n\n<div class=\"et_pb_row_4 et_pb_row et_flex_row preset--module--divi-row--default\">\n<div class=\"et_pb_column_4 et_pb_column et-last-child et_grid_column et_pb_css_mix_blend_mode_passthrough et_flex_column_24_24 et_flex_column_24_24_tablet et_flex_column_24_24_phone\">\n<div class=\"et_pb_group_0 et_pb_group et_pb_module et_flex_group et_pb_css_mix_blend_mode_passthrough\">\n<div class=\"et_pb_text_2 et_pb_text et_pb_bg_layout_light et_pb_module et_flex_module preset--module--divi-text--default\"><div class=\"et_pb_text_inner\"><h3>Skicare<\/h3>\n<p>Sie sind leidenschaftlicher Wintersportler, aber sind sich nicht sicher, ob im Falle eines Unfalles Ihre Kosten gedeckt sind ?<br \/>skiCare bietet Ihnen eine Auswahl verschiedener Zusatzversicherungen an, welche nicht nur die R\u00fcckerstattung des Skipasses, sondern auch die entstandenen Kosten durch einen Unfall auf Skipisten enth\u00e4lt.<\/p>\n<\/div><\/div>\n<\/div>\n\n<div class=\"et_pb_group_1 et_pb_group et-last-child et_pb_module et_flex_group et_pb_css_mix_blend_mode_passthrough\">\n<div class=\"et_pb_text_3 et_pb_text et_pb_bg_layout_light et_pb_module et_flex_module preset--module--divi-text--default\"><div class=\"et_pb_text_inner\"><h3>Passprotect<\/h3>\n<p>Sie sind leidenschaftlicher Wintersportler, aber sind nicht sicher, ob Sie wegen einer Krankheit, einem Unfall oder ung\u00fcnstigen Wetterbedingungen Skifahren k\u00f6nnen ?<br \/>PassProtect bietet Ihnen eine Versicherung, die Ihnen Ihre nicht beanspruchte Skip\u00e4sse r\u00fcckerstattet.<\/p>\n<\/div><\/div>\n<\/div>\n<\/div>\n<\/div>\n<\/div>\n\n<div class=\"et_pb_section_3 et_pb_section et_section_regular et_flex_section preset--module--divi-section--6vwp3i22la\" id=\"produits\">\n<div class=\"et_pb_row_5 et_pb_row et_flex_row preset--module--divi-row--default\"><div class=\"et_pb_column_5 et_pb_column et-last-child et_flex_column et_pb_css_mix_blend_mode_passthrough et_flex_column_24_24 et_flex_column_24_24_tablet et_flex_column_24_24_phone\"><div class=\"et_pb_pricing_tables_0 et_pb_pricing_tables et_pb_pricing clearfix et_pb_pricing_no_bullet et_pb_pricing_2 et_pb_second_featured et_pb_module et_flex_module preset--module--divi-pricing-tables--default\"><div class=\"et_pb_pricing_table_0 et_pb_pricing_table et_pb_module et_flex_module et_flex_column_12_24 et_flex_column_12_24_tablet et_flex_column_24_24_phone\"><div class=\"et_pb_pricing_heading\"><h2 class=\"et_pb_pricing_title\">Passprotect<\/h2><\/div><div class=\"et_pb_pricing_content_top\"><div class=\"et_pb_et_price\"><\/div><\/div><div class=\"et_pb_pricing_content\"><ul class=\"et_pb_pricing\"><li><span> R\u00fcckerstattung des Skipasses<\/span><\/li><li><span> R\u00fcckerstattung der Skilektionen<\/span><\/li><li><span> R\u00fcckerstattung der Skimiete<\/span><\/li><li class=\"et_pb_not_available\"><span> Pistenrettungsdienst<\/span><\/li><li class=\"et_pb_not_available\"><span> Ambulanz-Transportkosten<\/span><\/li><li class=\"et_pb_not_available\"><span> Helikopter-Transportkosten<\/span><\/li><li class=\"et_pb_not_available\"><span> Notfallbedingte Heilungskosten<\/span><\/li><li class=\"et_pb_not_available\"><span> Ersatzlenker<\/span><\/li><li class=\"et_pb_not_available\"><span> R\u00fcckerstattung f\u00fcr Begleitpersonen des Skipasses, der Skilektionen und der Skimiete<\/span><\/li><li class=\"et_pb_not_available\"><span> Medizinische R\u00fcckf\u00fchrung<\/span><\/li><li class=\"et_pb_not_available\"><span> Rechtsbeistand<\/span><\/li><\/ul><\/div><\/div><div class=\"et_pb_pricing_table_1 et_pb_pricing_table et_pb_featured_table et_pb_module et_flex_module et_flex_column_12_24 et_flex_column_12_24_tablet et_flex_column_24_24_phone\"><div class=\"et_pb_pricing_heading\"><h2 class=\"et_pb_pricing_title\">SkiCare<\/h2><\/div><div class=\"et_pb_pricing_content_top\"><div class=\"et_pb_et_price\"><\/div><\/div><div class=\"et_pb_pricing_content\"><ul class=\"et_pb_pricing\"><li><span> R\u00fcckerstattung des Skipasses (bis 2 Tage und mehr)<\/span><\/li><li><span> R\u00fcckerstattung der Skilektionen (bis 2 Tage und mehr)<\/span><\/li><li><span> R\u00fcckerstattung der Skimiete (bis 2 Tage und mehr)<\/span><\/li><li><span> Pistenrettungsdienst<\/span><\/li><li><span> Ambulanz-Transportkosten<\/span><\/li><li><span> Helikopter-Transportkosten<\/span><\/li><li><span> Notfallbedingte Heilungskosten<\/span><\/li><li><span> Ersatzlenker<\/span><\/li><li><span> R\u00fcckerstattung f\u00fcr Begleitpersonen des Skipasses, der Skilektionen und der Skimiete<\/span><\/li><li><span> Medizinische R\u00fcckf\u00fchrung<\/span><\/li><li><span> Rechtsbeistand<\/span><\/li><\/ul><\/div><\/div><\/div><\/div><\/div>\n\n<div class=\"et_pb_row_6 et_pb_row et_flex_row preset--module--divi-row--default\">\n<div class=\"et_pb_column_6 et_pb_column et-last-child et_flex_column et_pb_css_mix_blend_mode_passthrough et_flex_column_24_24 et_flex_column_24_24_tablet et_flex_column_24_24_phone\">\n<div class=\"et_pb_group_2 et_pb_group et-last-child et_pb_module et_flex_group et_pb_css_mix_blend_mode_passthrough\">\n<div class=\"et_pb_text_4 et_pb_text et_pb_bg_layout_light et_pb_module et_flex_module preset--module--divi-text--default\"><div class=\"et_pb_text_inner\"><h3>allgemeine Bedingungen<\/h3>\n<p>Lesen Sie die Allgemeinen Gesch\u00e4ftsbedingungen f\u00fcr SKICARE und PASSPROTECT.<\/p>\n<\/div><\/div>\n\n<div class=\"et_pb_module et_pb_button_module_wrapper et_pb_button_2_wrapper preset--module--divi-button--default_wrapper\"><a class=\"et_pb_button_2 et_pb_button et_pb_bg_layout_light et_pb_module et_flex_module preset--module--divi-button--default\" href=\"https:\/\/www.skicare.ch\/wp-content\/uploads\/2026\/02\/conditions-generales-skicare-passprotect-FR.pdf\" target=\"_blank\">Downloaden<\/a><\/div>\n<\/div>\n<\/div>\n<\/div>\n\n<div class=\"et_pb_row_7 et_pb_row et_flex_row preset--module--divi-row--default\">\n<div class=\"et_pb_column_7 et_pb_column et-last-child et_flex_column et_pb_css_mix_blend_mode_passthrough et_flex_column_24_24 et_flex_column_24_24_tablet et_flex_column_24_24_phone\">\n<div class=\"et_pb_module et_pb_button_module_wrapper et_pb_button_3_wrapper preset--module--divi-button--2m8ak9xq5o_wrapper\"><a class=\"et_pb_button_3 et_pb_button et_pb_bg_layout_light et_pb_module et_flex_module preset--module--divi-button--2m8ak9xq5o\" href=\"https:\/\/www.skicare.ch\/wp-content\/uploads\/2026\/02\/conditions-generales-skicare-passprotect-FR.pdf\" target=\"_blank\">allgemeine Bedingungen<\/a><\/div>\n<\/div>\n<\/div>\n<\/div>\n\n<div class=\"et_pb_section_4 et_pb_section et_section_regular et_flex_section section_has_divider et_pb_top_divider et_pb_bottom_divider preset--module--divi-section--default\"><div class=\"et_pb_top_inside_divider et-no-transition\"><\/div>\n<div class=\"et_pb_row_8 et_pb_row et_flex_row preset--module--divi-row--default\">\n<div class=\"et_pb_column_8 et_pb_column et-last-child et_flex_column et_pb_css_mix_blend_mode_passthrough et_flex_column_24_24 et_flex_column_24_24_tablet et_flex_column_24_24_phone\">\n<div class=\"et_pb_group_3 et_pb_group et-last-child et_pb_module et_flex_group et_pb_css_mix_blend_mode_passthrough\">\n<div class=\"et_pb_text_5 et_pb_text et_pb_bg_layout_light et_pb_module et_flex_module preset--module--divi-text--default\"><div class=\"et_pb_text_inner\"><h3>einen Unfall melden<\/h3>\n<p>SIE WAREN OPFER EINES UNFALLES ? SIE KONNTEN NICHT MEHR SKIFAHREN ? Ein Unfall muss uns innert 10 Tagen mittels nachstehendem Link gemeldet werden.  <\/p>\n<\/div><\/div>\n\n<div class=\"et_pb_module et_pb_button_module_wrapper et_pb_button_4_wrapper preset--module--divi-button--default_wrapper\"><a class=\"et_pb_button_4 et_pb_button et_pb_bg_layout_light et_pb_module et_flex_module preset--module--divi-button--default\" href=\"http:\/\/skicare.ch\/annoncer-un-sinistre\">Unfall Formular<\/a><\/div>\n<\/div>\n<\/div>\n<\/div>\n<div class=\"et_pb_bottom_inside_divider et-no-transition\"><\/div><\/div>\n\n<div class=\"et_pb_section_5 et_pb_section et_section_regular et_flex_section preset--module--divi-section--6vwp3i22la\">\n<div class=\"et_pb_row_9 et_pb_row et_flex_row preset--module--divi-row--default\">\n<div class=\"et_pb_column_9 et_pb_column et-last-child et_flex_column et_pb_css_mix_blend_mode_passthrough et_flex_column_24_24 et_flex_column_24_24_tablet et_flex_column_24_24_phone\">\n<div class=\"et_pb_text_6 et_pb_text et_pb_bg_layout_light et_pb_module et_flex_module preset--module--divi-text--default\"><div class=\"et_pb_text_inner\"><h2>H\u00e4ufig gestellte Fragen<\/h2>\n<\/div><\/div>\n\n<div class=\"et_pb_accordion_0 et_pb_accordion et_pb_module et_flex_module preset--module--divi-accordion--default\">\n<div class=\"et_pb_accordion_item_0 et_pb_accordion_item et_pb_toggle et_pb_module et_pb_toggle_open et_flex_module\"><h5 class=\"et_pb_toggle_title\">WAS IST PASSPROTECT ?<\/h5><div class=\"et_pb_toggle_content et_flex_module\"><p><span>PassProtect ist eine Versicherung, welche die R\u00fcckzahlung des nicht in Anspruch genommenen Skipasses \u00fcbernimmt aufgrund einer Krankheit, eines Unfalls oder ung\u00fcnstigen Wetterbedingungen.<\/span><\/p>\n<\/div><\/div>\n\n<div class=\"et_pb_accordion_item_1 et_pb_accordion_item et_pb_toggle et_pb_module et_pb_toggle_close et_flex_module\"><h5 class=\"et_pb_toggle_title\">WAS IST SKICARE ?<\/h5><div class=\"et_pb_toggle_content et_flex_module\"><p><span>SkiCare ist eine Versicherung, welche Ihnen den nicht genutzten Skipass nach einem Unfall, einer Krankheit oder ung\u00fcnstigen Witterungsbedingungen erstattet.<\/span><\/p>\n<\/div><\/div>\n\n<div class=\"et_pb_accordion_item_2 et_pb_accordion_item et_pb_toggle et_pb_module et_pb_toggle_close et_flex_module\"><h5 class=\"et_pb_toggle_title\">WAS IST DER UNTERSCHIED ZWISCHEN SKICARE UND PASSPROTECT ?<\/h5><div class=\"et_pb_toggle_content et_flex_module\"><p><span>SkiCare ist eine Assistance-Versicherung und R\u00fcckerstattung des Skipasses, w\u00e4hrend PassProtect nur den Skipass und die betreffenden Leistungen (Miete der Sportausr\u00fcstungen und Skikurse) versichert.<\/span><\/p>\n<\/div><\/div>\n\n<div class=\"et_pb_accordion_item_3 et_pb_accordion_item et_pb_toggle et_pb_module et_pb_toggle_close et_flex_module\"><h5 class=\"et_pb_toggle_title\">WIE K\u00d6NNEN SIE DIESE VERSICHERUNGEN ERWERBEN ?<\/h5><div class=\"et_pb_toggle_content et_flex_module\"><p>Unsere Versicherungen k\u00f6nnen zusammen mit dem Skipass erworben werden.<\/p>\n<\/div><\/div>\n\n<div class=\"et_pb_accordion_item_4 et_pb_accordion_item et_pb_toggle et_pb_module et_pb_toggle_close et_flex_module\"><h5 class=\"et_pb_toggle_title\">WER IST VERSICHERT ?<\/h5><div class=\"et_pb_toggle_content et_flex_module\"><p>Der Inhaber eines Skipasses, worauf die Bezeichnung \u00abPassProtect\u00bb oder \u00abSkiCare\u00bb steht oder der Inhaber einer Kaufquittung der Versicherung.<\/p>\n<\/div><\/div>\n\n<div class=\"et_pb_accordion_item_5 et_pb_accordion_item et_pb_toggle et_pb_module et_pb_toggle_close et_flex_module\"><h5 class=\"et_pb_toggle_title\">MUSS EIN VERSICHERUNGSVERTRAG ABGESCHLOSSEN WERDEN ?<\/h5><div class=\"et_pb_toggle_content et_flex_module\"><p>Nein, der Skipass, bzw. die Kaufquittung selbst, bezeugt die Bezahlung der Pr\u00e4mie.<\/p>\n<\/div><\/div>\n<\/div>\n\n<div class=\"et_pb_module et_pb_button_module_wrapper et_pb_button_5_wrapper preset--module--divi-button--default_wrapper\"><a class=\"et_pb_button_5 et_pb_button et_pb_bg_layout_light et_pb_module et_flex_module preset--module--divi-button--default\" href=\"https:\/\/www.skicare.ch\/faq\/\">Mehr erfahren<\/a><\/div>\n<\/div>\n<\/div>\n<\/div>","protected":false},"excerpt":{"rendered":"","protected":false},"author":1,"featured_media":0,"parent":0,"menu_order":0,"comment_status":"closed","ping_status":"closed","template":"","meta":{"inline_featured_image":false,"footnotes":""},"class_list":["post-442","page","type-page","status-publish","hentry"],"jetpack_sharing_enabled":true,"_links":{"self":[{"href":"https:\/\/www.skicare.ch\/de\/wp-json\/wp\/v2\/pages\/442","targetHints":{"allow":["GET"]}}],"collection":[{"href":"https:\/\/www.skicare.ch\/de\/wp-json\/wp\/v2\/pages"}],"about":[{"href":"https:\/\/www.skicare.ch\/de\/wp-json\/wp\/v2\/types\/page"}],"author":[{"embeddable":true,"href":"https:\/\/www.skicare.ch\/de\/wp-json\/wp\/v2\/users\/1"}],"replies":[{"embeddable":true,"href":"https:\/\/www.skicare.ch\/de\/wp-json\/wp\/v2\/comments?post=442"}],"version-history":[{"count":5,"href":"https:\/\/www.skicare.ch\/de\/wp-json\/wp\/v2\/pages\/442\/revisions"}],"predecessor-version":[{"id":490,"href":"https:\/\/www.skicare.ch\/de\/wp-json\/wp\/v2\/pages\/442\/revisions\/490"}],"wp:attachment":[{"href":"https:\/\/www.skicare.ch\/de\/wp-json\/wp\/v2\/media?parent=442"}],"curies":[{"name":"wp","href":"https:\/\/api.w.org\/{rel}","templated":true}]}}